{"id":32501,"date":"2021-05-12T15:37:26","date_gmt":"2021-05-12T15:37:26","guid":{"rendered":"https:\/\/emamodels.ca\/a-propos\/"},"modified":"2025-10-25T21:39:05","modified_gmt":"2025-10-25T21:39:05","slug":"about-us","status":"publish","type":"page","link":"https:\/\/emamodels.ca\/en\/about-us\/","title":{"rendered":"About us"},"content":{"rendered":"\n\t\t<div id=\"fws_6a0398db817d6\"  data-column-margin=\"default\" data-midnight=\"dark\"  class=\"wpb_row vc_row-fluid vc_row  zindex-set\"  style=\"padding-top: 0px; padding-bottom: 0px;  z-index: 15;\"><div class=\"row-bg-wrap\" data-bg-animation=\"none\" data-bg-animation-delay=\"\" data-bg-overlay=\"false\"><div class=\"inner-wrap row-bg-layer\" ><div class=\"row-bg viewport-desktop\"  style=\"\"><\/div><\/div><\/div><div class=\"row_col_wrap_12 col span_12 dark left\">\n\t<div  class=\"vc_col-sm-12 wpb_column column_container vc_column_container col no-extra-padding inherit_tablet inherit_phone \"  data-padding-pos=\"all\" data-has-bg-color=\"false\" data-bg-color=\"\" data-bg-opacity=\"1\" data-animation=\"\" data-delay=\"0\" >\n\t\t<div class=\"vc_column-inner\" >\n\t\t\t<div class=\"wpb_wrapper\">\n\t\t\t\t\n<div class=\"wpb_text_column wpb_content_element \" >\n\t<h1 style=\"text-align: center;\"><span style=\"color: #a70632;\">ema over 30 years<br \/>\nof experience<\/span><\/h1>\n<\/div>\n\n\n\n\n\t\t\t<\/div> \n\t\t<\/div>\n\t<\/div> \n<\/div><\/div>\n\t\t<div id=\"fws_6a0398db81ebb\"  data-column-margin=\"default\" data-midnight=\"dark\"  class=\"wpb_row vc_row-fluid vc_row\"  style=\"padding-top: 70px; padding-bottom: 0px; \"><div class=\"row-bg-wrap\" data-bg-animation=\"none\" data-bg-animation-delay=\"\" data-bg-overlay=\"false\"><div class=\"inner-wrap row-bg-layer\" ><div class=\"row-bg viewport-desktop\"  style=\"\"><\/div><\/div><\/div><div class=\"row_col_wrap_12 col span_12 dark left\">\n\t<div  class=\"vc_col-sm-12 vc_col-md-offset-1 vc_col-md-10 wpb_column column_container vc_column_container col centered-text no-extra-padding inherit_tablet inherit_phone \"  data-padding-pos=\"all\" data-has-bg-color=\"false\" data-bg-color=\"\" data-bg-opacity=\"1\" data-animation=\"\" data-delay=\"0\" >\n\t\t<div class=\"vc_column-inner\" >\n\t\t\t<div class=\"wpb_wrapper\">\n\t\t\t\t\n<div class=\"wpb_text_column wpb_content_element  text-lead\" >\n\t<p>At ema\u2019s, each talent is oriented according to its objectives and its potential towards the Quebec and international markets, which is why we aim to develop a personalized strategy in order to build a career that reflects everyone.<\/p>\n<\/div>\n\n\n\n<a class=\"nectar-button large see-through accent-color has-icon btn-underline magik-sh-button\"  role=\"button\" style=\"\"  href=\"#\" data-color-override=\"false\" data-hover-color-override=\"false\" data-hover-text-color-override=\"#fff\"><span>Read more<\/span><i  class=\"fa fa-angle-down\"><\/i><\/a><div id=\"fws_6a0398db8aa12\" data-midnight=\"\" data-column-margin=\"default\" class=\"wpb_row vc_row-fluid vc_row inner_row magik-sh-section\"  style=\"padding-top: 40px; \"><div class=\"row-bg-wrap\"> <div class=\"row-bg\" ><\/div> <\/div><div class=\"row_col_wrap_12_inner col span_12  left\">\n\t<div  class=\"vc_col-sm-12 wpb_column column_container vc_column_container col child_column no-extra-padding inherit_tablet inherit_phone \"   data-padding-pos=\"all\" data-has-bg-color=\"false\" data-bg-color=\"\" data-bg-opacity=\"1\" data-animation=\"\" data-delay=\"0\" >\n\t\t<div class=\"vc_column-inner\" >\n\t\t<div class=\"wpb_wrapper\">\n\t\t\t\n<div class=\"wpb_text_column wpb_content_element \" >\n\t<p>Located in the Centre-du-Qu\u00e9bec region, we recruit and represent clients from all major centers, including Montr\u00e9al, Qu\u00e9bec City, Saguenay\u2013Lac-Saint-Jean, Sherbrooke, and Trois-Rivi\u00e8res.<\/p>\n<p>Ema models agency is a human scale organization that focuses on a professional and personalized approach. For ema, it\u2019s very important to truly know its talents and clients in order to represent them effectively.<\/p>\n<\/div>\n\n\n\n\n\t\t<\/div> \n\t<\/div>\n\t<\/div> \n<\/div><\/div>\n\t\t\t<\/div> \n\t\t<\/div>\n\t<\/div> \n<\/div><\/div>\n\t\t<div id=\"fws_6a0398db8b01d\"  data-column-margin=\"default\" data-midnight=\"dark\"  class=\"wpb_row vc_row-fluid vc_row full-width-content vc_row-o-equal-height vc_row-flex vc_row-o-content-top\"  style=\"padding-top: 0px; padding-bottom: 60px; \"><div class=\"row-bg-wrap\" data-bg-animation=\"none\" data-bg-animation-delay=\"\" data-bg-overlay=\"false\"><div class=\"inner-wrap row-bg-layer\" ><div class=\"row-bg viewport-desktop\"  style=\"\"><\/div><\/div><\/div><div class=\"row_col_wrap_12 col span_12 dark left\">\n\t<div  class=\"vc_col-sm-12 wpb_column column_container vc_column_container col no-extra-padding inherit_tablet inherit_phone \"  data-padding-pos=\"all\" data-has-bg-color=\"false\" data-bg-color=\"\" data-bg-opacity=\"1\" data-animation=\"\" data-delay=\"0\" >\n\t\t<div class=\"vc_column-inner\" >\n\t\t\t<div class=\"wpb_wrapper\">\n\t\t\t\t<div class=\"divider-wrap\" data-alignment=\"default\"><div style=\"margin-top: 12.5px; height: 1px; margin-bottom: 12.5px;\" data-width=\"100%\" data-animate=\"\" data-animation-delay=\"\" data-color=\"default\" class=\"divider-border\"><\/div><\/div>\n\t\t\t<\/div> \n\t\t<\/div>\n\t<\/div> \n<\/div><\/div>\n\t\t<div id=\"fws_6a0398db8b575\"  data-column-margin=\"90px\" data-midnight=\"dark\"  class=\"wpb_row vc_row-fluid vc_row\"  style=\"padding-top: 0px; padding-bottom: 100px; \"><div class=\"row-bg-wrap\" data-bg-animation=\"none\" data-bg-animation-delay=\"\" data-bg-overlay=\"false\"><div class=\"inner-wrap row-bg-layer\" ><div class=\"row-bg viewport-desktop\"  style=\"\"><\/div><\/div><\/div><div class=\"row_col_wrap_12 col span_12 dark left\">\n\t<div  class=\"vc_col-sm-6 wpb_column column_container vc_column_container col no-extra-padding inherit_tablet inherit_phone \"  data-padding-pos=\"all\" data-has-bg-color=\"false\" data-bg-color=\"\" data-bg-opacity=\"1\" data-animation=\"\" data-delay=\"0\" >\n\t\t<div class=\"vc_column-inner\" >\n\t\t\t<div class=\"wpb_wrapper\">\n\t\t\t\t\n<div class=\"wpb_text_column wpb_content_element \" >\n\t<h3><span style=\"color: #a70632;\">Team<\/span><\/h3>\n<\/div>\n\n\n\n<div class=\"divider-wrap\" data-alignment=\"default\"><div style=\"height: 60px;\" class=\"divider\"><\/div><\/div>\n<div class=\"wpb_text_column wpb_content_element  title-black\" >\n\t<h3>SABRINA<\/h3>\n<p>Owner and director of ema models agency<\/p>\n<\/div>\n\n\n\n<div class=\"divider-wrap\" data-alignment=\"default\"><div style=\"height: 20px;\" class=\"divider\"><\/div><\/div>\n<div class=\"wpb_text_column wpb_content_element  text-lead\" >\n\t<p><span style=\"color: #a70632;\">With over 15 years of experience in the fashion and event industry, Sabrina is now taking over a company with more than 30 years of expertise.<\/span><\/p>\n<\/div>\n\n\n\n\n<div class=\"wpb_text_column wpb_content_element \" >\n\t<p>Becoming the owner of ema models agency, a dream come true, fueled by years of hard work, perseverance, and passion. I have always believed in the power of authenticity, diversity, and beauty in all its forms.<\/p>\n<p>Today, I dedicate my expertise to empowering talent, fostering genuine human connections, and driving innovation in the modeling industry.<\/p>\n<\/div>\n\n\n\n<a class=\"nectar-button large see-through accent-color has-icon btn-underline magik-sh-button\"  role=\"button\" style=\"\"  href=\"#\" data-color-override=\"false\" data-hover-color-override=\"false\" data-hover-text-color-override=\"#fff\"><span>Read mode<\/span><i  class=\"fa fa-angle-down\"><\/i><\/a><div id=\"fws_6a0398db8bd9b\" data-midnight=\"\" data-column-margin=\"default\" class=\"wpb_row vc_row-fluid vc_row inner_row magik-sh-section\"  style=\"padding-top: 20px; \"><div class=\"row-bg-wrap\"> <div class=\"row-bg\" ><\/div> <\/div><div class=\"row_col_wrap_12_inner col span_12  left\">\n\t<div  class=\"vc_col-sm-12 wpb_column column_container vc_column_container col child_column no-extra-padding inherit_tablet inherit_phone \"   data-padding-pos=\"all\" data-has-bg-color=\"false\" data-bg-color=\"\" data-bg-opacity=\"1\" data-animation=\"\" data-delay=\"0\" >\n\t\t<div class=\"vc_column-inner\" >\n\t\t<div class=\"wpb_wrapper\">\n\t\t\t\n<div class=\"wpb_text_column wpb_content_element \" >\n\t<p>Graduating in 2010, I took my first steps into the fashion industry in Montr\u00e9al with Sensation Mode, the producer behind Montr\u00e9al Fashion Week and the MAD Festival. This experience allowed me to immerse myself in a creative and dynamic environment, where I developed a passion for showcasing talent and producing events.<\/p>\n<p>Driven by the desire to build my own projects, I founded my own event planning company dedicated to entrepreneurs in the fashion industry. From 2013 to 2015, I created and produced Le Salon de la Mode de Sherbrooke, a major event that brought together nearly a hundred Quebec designers and featured more than thirty fashion shows.<\/p>\n<p>My journey also led me to the world of television, where I had the pleasure of co-hosting the local show La vie en Estrie! on TVA Sherbrooke, as well as to teaching, where I shared my knowledge of event management with fashion marketing students at the S\u00e9minaire de Sherbrooke.<\/p>\n<p>I also had the privilege of working for ten years as a project manager for the real estate developer Gestion Sandalwood, where I contributed to the creation of innovative retail concepts across a network of shopping centers throughout Quebec.<\/p>\n<\/div>\n\n\n\n\n\t\t<\/div> \n\t<\/div>\n\t<\/div> \n<\/div><\/div>\n\t\t\t<\/div> \n\t\t<\/div>\n\t<\/div> \n\n\t<div  class=\"vc_col-sm-6 wpb_column column_container vc_column_container col no-extra-padding inherit_tablet inherit_phone \"  data-padding-pos=\"all\" data-has-bg-color=\"false\" data-bg-color=\"\" data-bg-opacity=\"1\" data-animation=\"\" data-delay=\"0\" >\n\t\t<div class=\"vc_column-inner\" >\n\t\t\t<div class=\"wpb_wrapper\">\n\t\t\t\t<div class=\"img-with-aniamtion-wrap \" data-max-width=\"100%\" data-max-width-mobile=\"default\" data-shadow=\"none\" data-animation=\"fade-in\" >\n      <div class=\"inner\">\n        <div class=\"hover-wrap\"> \n          <div class=\"hover-wrap-inner\">\n            <img decoding=\"async\" class=\"img-with-animation skip-lazy\" data-delay=\"0\" height=\"2560\" width=\"2048\" data-animation=\"fade-in\" src=\"https:\/\/emamodels.ca\/wp-content\/uploads\/2025\/10\/25-06-08_EMAMODELS_BYDSSANCHEZ_00377_2-copy-scaled.jpg\" alt=\"\" srcset=\"https:\/\/emamodels.ca\/wp-content\/uploads\/2025\/10\/25-06-08_EMAMODELS_BYDSSANCHEZ_00377_2-copy-scaled.jpg 2048w, https:\/\/emamodels.ca\/wp-content\/uploads\/2025\/10\/25-06-08_EMAMODELS_BYDSSANCHEZ_00377_2-copy-768x960.jpg 768w\" sizes=\"(max-width: 2048px) 100vw, 2048px\" \/>\n          <\/div>\n        <\/div>\n        \n      <\/div>\n    <\/div>\n<div class=\"wpb_text_column wpb_content_element \" >\n\t<p style=\"text-align: right;\"><small>Sabrina photographed by DS Sanchez<\/small><\/p>\n<\/div>\n\n\n\n\n\t\t\t<\/div> \n\t\t<\/div>\n\t<\/div> \n<\/div><\/div>\n\t\t<div id=\"fws_6a0398db8cfa4\"  data-column-margin=\"90px\" data-midnight=\"dark\"  class=\"wpb_row vc_row-fluid vc_row  reverse_columns_column_tablet reverse_columns_column_phone\"  style=\"padding-top: 0px; padding-bottom: 100px; \"><div class=\"row-bg-wrap\" data-bg-animation=\"none\" data-bg-animation-delay=\"\" data-bg-overlay=\"false\"><div class=\"inner-wrap row-bg-layer\" ><div class=\"row-bg viewport-desktop\"  style=\"\"><\/div><\/div><\/div><div class=\"row_col_wrap_12 col span_12 dark left\">\n\t<div  class=\"vc_col-sm-6 wpb_column column_container vc_column_container col no-extra-padding inherit_tablet inherit_phone \"  data-padding-pos=\"all\" data-has-bg-color=\"false\" data-bg-color=\"\" data-bg-opacity=\"1\" data-animation=\"\" data-delay=\"0\" >\n\t\t<div class=\"vc_column-inner\" >\n\t\t\t<div class=\"wpb_wrapper\">\n\t\t\t\t<div class=\"img-with-aniamtion-wrap \" data-max-width=\"100%\" data-max-width-mobile=\"default\" data-shadow=\"none\" data-animation=\"fade-in\" >\n      <div class=\"inner\">\n        <div class=\"hover-wrap\"> \n          <div class=\"hover-wrap-inner\">\n            <img decoding=\"async\" class=\"img-with-animation skip-lazy\" data-delay=\"0\" height=\"1350\" width=\"1350\" data-animation=\"fade-in\" src=\"https:\/\/emamodels.ca\/wp-content\/uploads\/2021\/06\/Myriane.jpg\" alt=\"\" srcset=\"https:\/\/emamodels.ca\/wp-content\/uploads\/2021\/06\/Myriane.jpg 1350w, https:\/\/emamodels.ca\/wp-content\/uploads\/2021\/06\/Myriane-768x768.jpg 768w\" sizes=\"(max-width: 1350px) 100vw, 1350px\" \/>\n          <\/div>\n        <\/div>\n        \n      <\/div>\n    <\/div>\n<div class=\"wpb_text_column wpb_content_element \" >\n\t<p style=\"text-align: right;\"><small>Myriane photographed by DS Sanchez<\/small><\/p>\n<\/div>\n\n\n\n\n\t\t\t<\/div> \n\t\t<\/div>\n\t<\/div> \n\n\t<div  class=\"vc_col-sm-6 wpb_column column_container vc_column_container col no-extra-padding inherit_tablet inherit_phone \"  data-padding-pos=\"all\" data-has-bg-color=\"false\" data-bg-color=\"\" data-bg-opacity=\"1\" data-animation=\"\" data-delay=\"0\" >\n\t\t<div class=\"vc_column-inner\" >\n\t\t\t<div class=\"wpb_wrapper\">\n\t\t\t\t\n<div class=\"wpb_text_column wpb_content_element  title-black\" >\n\t<h3>MYRIANE<\/h3>\n<p>Administrative Assistant<\/p>\n<\/div>\n\n\n\n<div class=\"divider-wrap\" data-alignment=\"default\"><div style=\"height: 20px;\" class=\"divider\"><\/div><\/div>\n<div class=\"wpb_text_column wpb_content_element \" >\n\t<p>Myriane is in charge of the organization of events, customer service and &#8220;masterclasses&#8221; as well as booking and managing social networks and the Website.<\/p>\n<p>She is currently completing a Business Management Diploma in order to join the agency full time.<\/p>\n<\/div>\n\n\n\n\n<div class=\"wpb_text_column wpb_content_element  text-lead\" >\n\t<p><span style=\"color: #a70632;\">She values family and efficiency and loves working for the agency, that is why she does everything she can to ensure the well-being of the team, models and students.<\/span><\/p>\n<\/div>\n\n\n\n<a class=\"nectar-button large see-through accent-color has-icon btn-underline magik-sh-button\"  role=\"button\" style=\"\"  href=\"#\" data-color-override=\"false\" data-hover-color-override=\"false\" data-hover-text-color-override=\"#fff\"><span>Read more<\/span><i  class=\"fa fa-angle-down\"><\/i><\/a><div id=\"fws_6a0398db8df88\" data-midnight=\"\" data-column-margin=\"default\" class=\"wpb_row vc_row-fluid vc_row inner_row magik-sh-section\"  style=\"padding-top: 20px; \"><div class=\"row-bg-wrap\"> <div class=\"row-bg\" ><\/div> <\/div><div class=\"row_col_wrap_12_inner col span_12  left\">\n\t<div  class=\"vc_col-sm-12 wpb_column column_container vc_column_container col child_column no-extra-padding inherit_tablet inherit_phone \"   data-padding-pos=\"all\" data-has-bg-color=\"false\" data-bg-color=\"\" data-bg-opacity=\"1\" data-animation=\"\" data-delay=\"0\" >\n\t\t<div class=\"vc_column-inner\" >\n\t\t<div class=\"wpb_wrapper\">\n\t\t\t\n<div class=\"wpb_text_column wpb_content_element \" >\n\t<p>Active, she is a former table tennis champion whose ability to keep calm under all circumstances is impressive. She is also a good listemer, organized and trustworthy and particularly stands out for her desire to learn new things.<\/p>\n<p>Myriane has her own dance school where she teaches and organizes country evenings.<\/p>\n<\/div>\n\n\n\n\n\t\t<\/div> \n\t<\/div>\n\t<\/div> \n<\/div><\/div>\n\t\t\t<\/div> \n\t\t<\/div>\n\t<\/div> \n<\/div><\/div>\n\t\t<div id=\"fws_6a0398db8e309\"  data-column-margin=\"90px\" data-midnight=\"dark\"  class=\"wpb_row vc_row-fluid vc_row  reverse_columns_column_tablet reverse_columns_column_phone\"  style=\"padding-top: 0px; padding-bottom: 100px; \"><div class=\"row-bg-wrap\" data-bg-animation=\"none\" data-bg-animation-delay=\"\" data-bg-overlay=\"false\"><div class=\"inner-wrap row-bg-layer\" ><div class=\"row-bg viewport-desktop\"  style=\"\"><\/div><\/div><\/div><div class=\"row_col_wrap_12 col span_12 dark left\">\n\t<div  class=\"vc_col-sm-6 wpb_column column_container vc_column_container col no-extra-padding inherit_tablet inherit_phone \"  data-padding-pos=\"all\" data-has-bg-color=\"false\" data-bg-color=\"\" data-bg-opacity=\"1\" data-animation=\"\" data-delay=\"0\" >\n\t\t<div class=\"vc_column-inner\" >\n\t\t\t<div class=\"wpb_wrapper\">\n\t\t\t\t<div class=\"img-with-aniamtion-wrap \" data-max-width=\"100%\" data-max-width-mobile=\"default\" data-shadow=\"none\" data-animation=\"fade-in\" >\n      <div class=\"inner\">\n        <div class=\"hover-wrap\"> \n          <div class=\"hover-wrap-inner\">\n            <img decoding=\"async\" class=\"img-with-animation skip-lazy\" data-delay=\"0\" height=\"1350\" width=\"1350\" data-animation=\"fade-in\" src=\"https:\/\/emamodels.ca\/wp-content\/uploads\/2021\/06\/anne-marie.jpg\" alt=\"\" srcset=\"https:\/\/emamodels.ca\/wp-content\/uploads\/2021\/06\/anne-marie.jpg 1350w, https:\/\/emamodels.ca\/wp-content\/uploads\/2021\/06\/anne-marie-768x768.jpg 768w\" sizes=\"(max-width: 1350px) 100vw, 1350px\" \/>\n          <\/div>\n        <\/div>\n        \n      <\/div>\n    <\/div>\n<div class=\"wpb_text_column wpb_content_element \" >\n\t<p style=\"text-align: right;\"><small>Anne-Marie photographed by DS Sanchez<\/small><\/p>\n<\/div>\n\n\n\n\n\t\t\t<\/div> \n\t\t<\/div>\n\t<\/div> \n\n\t<div  class=\"vc_col-sm-6 wpb_column column_container vc_column_container col no-extra-padding inherit_tablet inherit_phone \"  data-padding-pos=\"all\" data-has-bg-color=\"false\" data-bg-color=\"\" data-bg-opacity=\"1\" data-animation=\"\" data-delay=\"0\" >\n\t\t<div class=\"vc_column-inner\" >\n\t\t\t<div class=\"wpb_wrapper\">\n\t\t\t\t\n<div class=\"wpb_text_column wpb_content_element  title-black\" >\n\t<h3>ANNE-MARIE<\/h3>\n<p>Stylist<\/p>\n<\/div>\n\n\n\n<div class=\"divider-wrap\" data-alignment=\"default\"><div style=\"height: 20px;\" class=\"divider\"><\/div><\/div>\n<div class=\"wpb_text_column wpb_content_element \" >\n\t<p>Anne-Marie has been working as a stylist for 10 years, while pursuing a career in modeling and figuration. Being a true lover of arts, architecture and travel, she loves design, both clothing and interior.<\/p>\n<\/div>\n\n\n\n\n<div class=\"wpb_text_column wpb_content_element  text-lead\" >\n\t<p><span style=\"color: #a70632;\">Anne-Marie plays many sports.\u00a0 Contact with nature is essential to her.<\/span><\/p>\n<\/div>\n\n\n\n<a class=\"nectar-button large see-through accent-color has-icon btn-underline magik-sh-button\"  role=\"button\" style=\"\"  href=\"#\" data-color-override=\"false\" data-hover-color-override=\"false\" data-hover-text-color-override=\"#fff\"><span>Read more<\/span><i  class=\"fa fa-angle-down\"><\/i><\/a><div id=\"fws_6a0398db8f132\" data-midnight=\"\" data-column-margin=\"default\" class=\"wpb_row vc_row-fluid vc_row inner_row magik-sh-section\"  style=\"padding-top: 20px; \"><div class=\"row-bg-wrap\"> <div class=\"row-bg\" ><\/div> <\/div><div class=\"row_col_wrap_12_inner col span_12  left\">\n\t<div  class=\"vc_col-sm-12 wpb_column column_container vc_column_container col child_column no-extra-padding inherit_tablet inherit_phone \"   data-padding-pos=\"all\" data-has-bg-color=\"false\" data-bg-color=\"\" data-bg-opacity=\"1\" data-animation=\"\" data-delay=\"0\" >\n\t\t<div class=\"vc_column-inner\" >\n\t\t<div class=\"wpb_wrapper\">\n\t\t\t\n<div class=\"wpb_text_column wpb_content_element \" >\n\t<p>She is a calm person, a good listener, curious and always on the lookout for new trends. She also offers excellent support to the next members in addition to working on the coordination of the agency&#8217;s major productions.<\/p>\n<\/div>\n\n\n\n\n\t\t<\/div> \n\t<\/div>\n\t<\/div> \n<\/div><\/div>\n\t\t\t<\/div> \n\t\t<\/div>\n\t<\/div> \n<\/div><\/div>\n","protected":false},"excerpt":{"rendered":"ema over 30 years of experience At ema\u2019s, each talent is oriented according to its objectives and its potential towards the Quebec and international markets, which is why we aim...","protected":false},"author":1,"featured_media":0,"parent":0,"menu_order":0,"comment_status":"closed","ping_status":"closed","template":"","meta":{"_acf_changed":false,"footnotes":""},"class_list":["post-32501","page","type-page","status-publish"],"acf":[],"yoast_head":"<!-- This site is optimized with the Yoast SEO plugin v26.6 - https:\/\/yoast.com\/wordpress\/plugins\/seo\/ -->\n<title>About us - EMA Models<\/title>\n<meta name=\"robots\" content=\"index, follow, max-snippet:-1, max-image-preview:large, max-video-preview:-1\" \/>\n<link rel=\"canonical\" href=\"https:\/\/emamodels.ca\/en\/about-us\/\" \/>\n<meta property=\"og:locale\" content=\"en_US\" \/>\n<meta property=\"og:type\" content=\"article\" \/>\n<meta property=\"og:title\" content=\"About us - EMA Models\" \/>\n<meta property=\"og:url\" content=\"https:\/\/emamodels.ca\/en\/about-us\/\" \/>\n<meta property=\"og:site_name\" content=\"EMA Models\" \/>\n<meta property=\"article:modified_time\" content=\"2025-10-25T21:39:05+00:00\" \/>\n<meta name=\"twitter:card\" content=\"summary_large_image\" \/>\n<meta name=\"twitter:label1\" content=\"Est. reading time\" \/>\n\t<meta name=\"twitter:data1\" content=\"6 minutes\" \/>\n<script type=\"application\/ld+json\" class=\"yoast-schema-graph\">{\"@context\":\"https:\/\/schema.org\",\"@graph\":[{\"@type\":\"WebPage\",\"@id\":\"https:\/\/emamodels.ca\/en\/about-us\/\",\"url\":\"https:\/\/emamodels.ca\/en\/about-us\/\",\"name\":\"About us - EMA Models\",\"isPartOf\":{\"@id\":\"https:\/\/emamodels.ca\/#website\"},\"datePublished\":\"2021-05-12T15:37:26+00:00\",\"dateModified\":\"2025-10-25T21:39:05+00:00\",\"breadcrumb\":{\"@id\":\"https:\/\/emamodels.ca\/en\/about-us\/#breadcrumb\"},\"inLanguage\":\"en-US\",\"potentialAction\":[{\"@type\":\"ReadAction\",\"target\":[\"https:\/\/emamodels.ca\/en\/about-us\/\"]}]},{\"@type\":\"BreadcrumbList\",\"@id\":\"https:\/\/emamodels.ca\/en\/about-us\/#breadcrumb\",\"itemListElement\":[{\"@type\":\"ListItem\",\"position\":1,\"name\":\"Home\",\"item\":\"https:\/\/emamodels.ca\/en\/\"},{\"@type\":\"ListItem\",\"position\":2,\"name\":\"About us\"}]},{\"@type\":\"WebSite\",\"@id\":\"https:\/\/emamodels.ca\/#website\",\"url\":\"https:\/\/emamodels.ca\/\",\"name\":\"EMA Models\",\"description\":\"\",\"potentialAction\":[{\"@type\":\"SearchAction\",\"target\":{\"@type\":\"EntryPoint\",\"urlTemplate\":\"https:\/\/emamodels.ca\/?s={search_term_string}\"},\"query-input\":{\"@type\":\"PropertyValueSpecification\",\"valueRequired\":true,\"valueName\":\"search_term_string\"}}],\"inLanguage\":\"en-US\"}]}<\/script>\n<!-- \/ Yoast SEO plugin. -->","yoast_head_json":{"title":"About us - EMA Models","robots":{"index":"index","follow":"follow","max-snippet":"max-snippet:-1","max-image-preview":"max-image-preview:large","max-video-preview":"max-video-preview:-1"},"canonical":"https:\/\/emamodels.ca\/en\/about-us\/","og_locale":"en_US","og_type":"article","og_title":"About us - EMA Models","og_url":"https:\/\/emamodels.ca\/en\/about-us\/","og_site_name":"EMA Models","article_modified_time":"2025-10-25T21:39:05+00:00","twitter_card":"summary_large_image","twitter_misc":{"Est. reading time":"6 minutes"},"schema":{"@context":"https:\/\/schema.org","@graph":[{"@type":"WebPage","@id":"https:\/\/emamodels.ca\/en\/about-us\/","url":"https:\/\/emamodels.ca\/en\/about-us\/","name":"About us - EMA Models","isPartOf":{"@id":"https:\/\/emamodels.ca\/#website"},"datePublished":"2021-05-12T15:37:26+00:00","dateModified":"2025-10-25T21:39:05+00:00","breadcrumb":{"@id":"https:\/\/emamodels.ca\/en\/about-us\/#breadcrumb"},"inLanguage":"en-US","potentialAction":[{"@type":"ReadAction","target":["https:\/\/emamodels.ca\/en\/about-us\/"]}]},{"@type":"BreadcrumbList","@id":"https:\/\/emamodels.ca\/en\/about-us\/#breadcrumb","itemListElement":[{"@type":"ListItem","position":1,"name":"Home","item":"https:\/\/emamodels.ca\/en\/"},{"@type":"ListItem","position":2,"name":"About us"}]},{"@type":"WebSite","@id":"https:\/\/emamodels.ca\/#website","url":"https:\/\/emamodels.ca\/","name":"EMA Models","description":"","potentialAction":[{"@type":"SearchAction","target":{"@type":"EntryPoint","urlTemplate":"https:\/\/emamodels.ca\/?s={search_term_string}"},"query-input":{"@type":"PropertyValueSpecification","valueRequired":true,"valueName":"search_term_string"}}],"inLanguage":"en-US"}]}},"_links":{"self":[{"href":"https:\/\/emamodels.ca\/en\/wp-json\/wp\/v2\/pages\/32501","targetHints":{"allow":["GET"]}}],"collection":[{"href":"https:\/\/emamodels.ca\/en\/wp-json\/wp\/v2\/pages"}],"about":[{"href":"https:\/\/emamodels.ca\/en\/wp-json\/wp\/v2\/types\/page"}],"author":[{"embeddable":true,"href":"https:\/\/emamodels.ca\/en\/wp-json\/wp\/v2\/users\/1"}],"replies":[{"embeddable":true,"href":"https:\/\/emamodels.ca\/en\/wp-json\/wp\/v2\/comments?post=32501"}],"version-history":[{"count":16,"href":"https:\/\/emamodels.ca\/en\/wp-json\/wp\/v2\/pages\/32501\/revisions"}],"predecessor-version":[{"id":75663,"href":"https:\/\/emamodels.ca\/en\/wp-json\/wp\/v2\/pages\/32501\/revisions\/75663"}],"wp:attachment":[{"href":"https:\/\/emamodels.ca\/en\/wp-json\/wp\/v2\/media?parent=32501"}],"curies":[{"name":"wp","href":"https:\/\/api.w.org\/{rel}","templated":true}]}}